{"id":114,"date":"2026-05-11T18:33:10","date_gmt":"2026-05-11T18:33:10","guid":{"rendered":"https:\/\/mairiededourbies.fr\/?page_id=114"},"modified":"2026-05-11T19:06:06","modified_gmt":"2026-05-11T19:06:06","slug":"siae","status":"publish","type":"page","link":"https:\/\/mairiededourbies.fr\/?page_id=114","title":{"rendered":"SIAE"},"content":{"rendered":"\n<h2 class=\"wp-block-heading\">Syndicat Intercommunal d&#8217;Am\u00e9nagement de l&#8217;Esp\u00e9rou<\/h2>\n\n\n\n<blockquote class=\"wp-embedded-content\" data-secret=\"prMNIgvhl1\"><a href=\"https:\/\/valdaigoual.fr\/siae\/\">SIAE<\/a><\/blockquote><iframe loading=\"lazy\" class=\"wp-embedded-content\" sandbox=\"allow-scripts\" security=\"restricted\" style=\"position: absolute; visibility: hidden;\" title=\"\u00ab\u00a0SIAE\u00a0\u00bb &#8212; Mairie de Val-d&#039;Aigoual\" src=\"https:\/\/valdaigoual.fr\/siae\/embed\/#?secret=1mslvS1lb0#?secret=prMNIgvhl1\" data-secret=\"prMNIgvhl1\" width=\"474\" height=\"267\" frameborder=\"0\" marginwidth=\"0\" marginheight=\"0\" scrolling=\"no\"><\/iframe>\n\n\n\n<figure class=\"wp-block-gallery has-nested-images columns-default is-cropped wp-block-gallery-1 is-layout-flex wp-block-gallery-is-layout-flex\">\n<figure class=\"wp-block-image size-large\"><a href=\"https:\/\/mairiededourbies.fr\/?page_id=124\"><img loading=\"lazy\" decoding=\"async\" width=\"683\" height=\"1024\" data-id=\"27\" src=\"https:\/\/mairiededourbies.fr\/wp-content\/uploads\/2026\/05\/Laurent-683x1024.jpeg\" alt=\"\" class=\"wp-image-27\" srcset=\"https:\/\/mairiededourbies.fr\/wp-content\/uploads\/2026\/05\/Laurent-683x1024.jpeg 683w, https:\/\/mairiededourbies.fr\/wp-content\/uploads\/2026\/05\/Laurent-200x300.jpeg 200w, https:\/\/mairiededourbies.fr\/wp-content\/uploads\/2026\/05\/Laurent-768x1152.jpeg 768w, https:\/\/mairiededourbies.fr\/wp-content\/uploads\/2026\/05\/Laurent-624x936.jpeg 624w, https:\/\/mairiededourbies.fr\/wp-content\/uploads\/2026\/05\/Laurent.jpeg 1024w\" sizes=\"auto, (max-width: 683px) 100vw, 683px\" \/><\/a><figcaption class=\"wp-element-caption\">Laurent Balsan<\/figcaption><\/figure>\n\n\n\n<figure class=\"wp-block-image size-large\"><a href=\"https:\/\/mairiededourbies.fr\/?page_id=141\"><img loading=\"lazy\" decoding=\"async\" width=\"768\" height=\"1019\" data-id=\"39\" src=\"https:\/\/mairiededourbies.fr\/wp-content\/uploads\/2026\/05\/Marion.jpeg\" alt=\"\" class=\"wp-image-39\" srcset=\"https:\/\/mairiededourbies.fr\/wp-content\/uploads\/2026\/05\/Marion.jpeg 768w, https:\/\/mairiededourbies.fr\/wp-content\/uploads\/2026\/05\/Marion-226x300.jpeg 226w, https:\/\/mairiededourbies.fr\/wp-content\/uploads\/2026\/05\/Marion-624x828.jpeg 624w\" sizes=\"auto, (max-width: 768px) 100vw, 768px\" \/><\/a><figcaption class=\"wp-element-caption\">Marion Angelini<\/figcaption><\/figure>\n\n\n\n<figure class=\"wp-block-image size-large\"><a href=\"https:\/\/mairiededourbies.fr\/?page_id=129\"><img loading=\"lazy\" decoding=\"async\" width=\"766\" height=\"1022\" data-id=\"7\" src=\"https:\/\/mairiededourbies.fr\/wp-content\/uploads\/2026\/05\/Annie.jpeg\" alt=\"\" class=\"wp-image-7\" srcset=\"https:\/\/mairiededourbies.fr\/wp-content\/uploads\/2026\/05\/Annie.jpeg 766w, https:\/\/mairiededourbies.fr\/wp-content\/uploads\/2026\/05\/Annie-225x300.jpeg 225w, https:\/\/mairiededourbies.fr\/wp-content\/uploads\/2026\/05\/Annie-624x833.jpeg 624w\" sizes=\"auto, (max-width: 766px) 100vw, 766px\" \/><\/a><figcaption class=\"wp-element-caption\">Annie Lonjon<\/figcaption><\/figure>\n<\/figure>\n\n\n\n<blockquote class=\"wp-block-quote is-layout-flow wp-block-quote-is-layout-flow\">\n<p class=\"has-text-align-center\">Repr\u00e9sentants de Dourbies au SIAE<\/p>\n<\/blockquote>\n\n\n\n<figure class=\"wp-block-gallery has-nested-images columns-default is-cropped wp-block-gallery-2 is-layout-flex wp-block-gallery-is-layout-flex\">\n<figure class=\"wp-block-image size-medium\"><a href=\"https:\/\/mairiededourbies.fr\/?page_id=137\"><img loading=\"lazy\" decoding=\"async\" width=\"226\" height=\"300\" data-id=\"34\" src=\"https:\/\/mairiededourbies.fr\/wp-content\/uploads\/2026\/05\/Sylvie-Lafon-226x300.jpeg\" alt=\"\" class=\"wp-image-34\" srcset=\"https:\/\/mairiededourbies.fr\/wp-content\/uploads\/2026\/05\/Sylvie-Lafon-226x300.jpeg 226w, https:\/\/mairiededourbies.fr\/wp-content\/uploads\/2026\/05\/Sylvie-Lafon-768x1019.jpeg 768w, https:\/\/mairiededourbies.fr\/wp-content\/uploads\/2026\/05\/Sylvie-Lafon-624x828.jpeg 624w, https:\/\/mairiededourbies.fr\/wp-content\/uploads\/2026\/05\/Sylvie-Lafon.jpeg 770w\" sizes=\"auto, (max-width: 226px) 100vw, 226px\" \/><\/a><figcaption class=\"wp-element-caption\">Sylvie Lafon<\/figcaption><\/figure>\n\n\n\n<figure class=\"wp-block-image size-medium\"><a href=\"https:\/\/mairiededourbies.fr\/?page_id=131\"><img loading=\"lazy\" decoding=\"async\" width=\"224\" height=\"300\" data-id=\"8\" src=\"https:\/\/mairiededourbies.fr\/wp-content\/uploads\/2026\/05\/Jean-Marie-224x300.jpeg\" alt=\"\" class=\"wp-image-8\" srcset=\"https:\/\/mairiededourbies.fr\/wp-content\/uploads\/2026\/05\/Jean-Marie-224x300.jpeg 224w, https:\/\/mairiededourbies.fr\/wp-content\/uploads\/2026\/05\/Jean-Marie-624x835.jpeg 624w, https:\/\/mairiededourbies.fr\/wp-content\/uploads\/2026\/05\/Jean-Marie.jpeg 765w\" sizes=\"auto, (max-width: 224px) 100vw, 224px\" \/><\/a><figcaption class=\"wp-element-caption\">Jean-Marie Poncelet<\/figcaption><\/figure>\n<\/figure>\n\n\n\n<blockquote class=\"wp-block-quote is-layout-flow wp-block-quote-is-layout-flow\">\n<p class=\"has-text-align-center\">Suppl\u00e9ants de Dourbies au SIAE<\/p>\n<\/blockquote>\n\n\n\n<figure class=\"wp-block-image size-full\"><img loading=\"lazy\" decoding=\"async\" width=\"960\" height=\"540\" src=\"https:\/\/mairiededourbies.fr\/wp-content\/uploads\/2026\/05\/110684648_140722041045254_7512723317242074098_o.jpg\" alt=\"\" class=\"wp-image-115\" srcset=\"https:\/\/mairiededourbies.fr\/wp-content\/uploads\/2026\/05\/110684648_140722041045254_7512723317242074098_o.jpg 960w, https:\/\/mairiededourbies.fr\/wp-content\/uploads\/2026\/05\/110684648_140722041045254_7512723317242074098_o-300x169.jpg 300w, https:\/\/mairiededourbies.fr\/wp-content\/uploads\/2026\/05\/110684648_140722041045254_7512723317242074098_o-768x432.jpg 768w\" sizes=\"auto, (max-width: 960px) 100vw, 960px\" \/><\/figure>\n","protected":false},"excerpt":{"rendered":"<p>Syndicat Intercommunal d&#8217;Am\u00e9nagement de l&#8217;Esp\u00e9rou SIAE Repr\u00e9sentants de Dourbies au SIAE Suppl\u00e9ants de Dourbies au SIAE<\/p>\n","protected":false},"author":1,"featured_media":0,"parent":58,"menu_order":0,"comment_status":"closed","ping_status":"closed","template":"","meta":{"footnotes":""},"class_list":["post-114","page","type-page","status-publish","hentry"],"_links":{"self":[{"href":"https:\/\/mairiededourbies.fr\/index.php?rest_route=\/wp\/v2\/pages\/114","targetHints":{"allow":["GET"]}}],"collection":[{"href":"https:\/\/mairiededourbies.fr\/index.php?rest_route=\/wp\/v2\/pages"}],"about":[{"href":"https:\/\/mairiededourbies.fr\/index.php?rest_route=\/wp\/v2\/types\/page"}],"author":[{"embeddable":true,"href":"https:\/\/mairiededourbies.fr\/index.php?rest_route=\/wp\/v2\/users\/1"}],"replies":[{"embeddable":true,"href":"https:\/\/mairiededourbies.fr\/index.php?rest_route=%2Fwp%2Fv2%2Fcomments&post=114"}],"version-history":[{"count":4,"href":"https:\/\/mairiededourbies.fr\/index.php?rest_route=\/wp\/v2\/pages\/114\/revisions"}],"predecessor-version":[{"id":153,"href":"https:\/\/mairiededourbies.fr\/index.php?rest_route=\/wp\/v2\/pages\/114\/revisions\/153"}],"up":[{"embeddable":true,"href":"https:\/\/mairiededourbies.fr\/index.php?rest_route=\/wp\/v2\/pages\/58"}],"wp:attachment":[{"href":"https:\/\/mairiededourbies.fr\/index.php?rest_route=%2Fwp%2Fv2%2Fmedia&parent=114"}],"curies":[{"name":"wp","href":"https:\/\/api.w.org\/{rel}","templated":true}]}}